{"id":25,"date":"2020-12-18T08:59:18","date_gmt":"2020-12-18T08:59:18","guid":{"rendered":"http:\/\/ferienwohnung-goeppingen.de\/?page_id=25"},"modified":"2021-01-01T09:43:33","modified_gmt":"2021-01-01T08:43:33","slug":"hohenstaufen","status":"publish","type":"page","link":"https:\/\/ferienwohnung-goeppingen.de\/en\/hohenstaufen\/","title":{"rendered":"Hohenstaufen"},"content":{"rendered":"<p>Ferienwohnung Hohenstaufen is a beautiful apartment in G\u00f6ppingen Hohenstaufen.<\/p>\n\n\n\n<h3>Furnishing<\/h3>\n\n\n\n<ul><li>2 Bedrooms<\/li><li>4 single beds<\/li><li>Bathroom with shower and toilet<\/li><li>an additional guest toilet<\/li><li>kitchen<\/li><li>Both rooms have a sofa and armchair<\/li><li>2 TV<\/li><li>Internet WiFi<\/li><\/ul>\n\n\n\n<p><strong>Price on request.<\/strong><\/p>\n\n\n\n<p><strong>+49 (0) 172 7160 545<\/strong> or <strong>patriciamack@web.de<\/strong><\/p>\n\n\n\n<p><\/p>\n\n\n<div class=\"vsg-map\"><iframe align=\"center\" width=\"100%\" height=\"380\" frameborder=\"0\" scrolling=\"no\" marginheight=\"0\" marginwidth=\"0\" src=\"https:\/\/maps.google.com\/maps?&q=2%20Kaiserbergsteige%202%20OG%2C%2073037%20G%C3%B6ppingen&amp;cid=&amp;t=m&amp;center=2%20Kaiserbergsteige%202%20OG%2C%2073037%20G%C3%B6ppingen&output=embed&z=14&iwloc=A&visual_refresh=true\"><\/iframe><\/div>\n\n\n\n<div style=\"height:100px\" aria-hidden=\"true\" class=\"wp-block-spacer\"><\/div>\n\n\n\n<div class=\"wp-block-image\"><figure class=\"aligncenter size-large\"><img loading=\"lazy\" width=\"576\" height=\"768\" src=\"http:\/\/ferienwohnung-goeppingen.de\/wp-content\/uploads\/2020\/12\/218776320.jpg\" alt=\"\" class=\"wp-image-46\" srcset=\"https:\/\/ferienwohnung-goeppingen.de\/wp-content\/uploads\/2020\/12\/218776320.jpg 576w, https:\/\/ferienwohnung-goeppingen.de\/wp-content\/uploads\/2020\/12\/218776320-225x300.jpg 225w\" sizes=\"(max-width: 576px) 100vw, 576px\" \/><\/figure><\/div>\n\n\n\n<div class=\"wp-block-image\"><figure class=\"aligncenter size-large\"><img loading=\"lazy\" width=\"576\" height=\"768\" src=\"http:\/\/ferienwohnung-goeppingen.de\/wp-content\/uploads\/2020\/12\/218776356.jpg\" alt=\"\" class=\"wp-image-47\" srcset=\"https:\/\/ferienwohnung-goeppingen.de\/wp-content\/uploads\/2020\/12\/218776356.jpg 576w, https:\/\/ferienwohnung-goeppingen.de\/wp-content\/uploads\/2020\/12\/218776356-225x300.jpg 225w\" sizes=\"(max-width: 576px) 100vw, 576px\" \/><\/figure><\/div>\n\n\n\n<div class=\"wp-block-image\"><figure class=\"aligncenter size-large\"><img loading=\"lazy\" width=\"576\" height=\"768\" src=\"http:\/\/ferienwohnung-goeppingen.de\/wp-content\/uploads\/2020\/12\/218776358.jpg\" alt=\"\" class=\"wp-image-48\" srcset=\"https:\/\/ferienwohnung-goeppingen.de\/wp-content\/uploads\/2020\/12\/218776358.jpg 576w, https:\/\/ferienwohnung-goeppingen.de\/wp-content\/uploads\/2020\/12\/218776358-225x300.jpg 225w\" sizes=\"(max-width: 576px) 100vw, 576px\" \/><\/figure><\/div>\n\n\n\n<div class=\"wp-block-image\"><figure class=\"aligncenter size-large\"><img loading=\"lazy\" width=\"576\" height=\"768\" src=\"http:\/\/ferienwohnung-goeppingen.de\/wp-content\/uploads\/2020\/12\/218776365.jpg\" alt=\"\" class=\"wp-image-49\" srcset=\"https:\/\/ferienwohnung-goeppingen.de\/wp-content\/uploads\/2020\/12\/218776365.jpg 576w, https:\/\/ferienwohnung-goeppingen.de\/wp-content\/uploads\/2020\/12\/218776365-225x300.jpg 225w\" sizes=\"(max-width: 576px) 100vw, 576px\" \/><\/figure><\/div>\n\n\n\n<div class=\"wp-block-image\"><figure class=\"aligncenter size-large\"><img loading=\"lazy\" width=\"576\" height=\"768\" src=\"http:\/\/ferienwohnung-goeppingen.de\/wp-content\/uploads\/2020\/12\/218776366.jpg\" alt=\"\" class=\"wp-image-51\" srcset=\"https:\/\/ferienwohnung-goeppingen.de\/wp-content\/uploads\/2020\/12\/218776366.jpg 576w, https:\/\/ferienwohnung-goeppingen.de\/wp-content\/uploads\/2020\/12\/218776366-225x300.jpg 225w\" sizes=\"(max-width: 576px) 100vw, 576px\" \/><\/figure><\/div>\n\n\n\n<div class=\"wp-block-image\"><figure class=\"aligncenter size-large\"><img loading=\"lazy\" width=\"576\" height=\"768\" src=\"http:\/\/ferienwohnung-goeppingen.de\/wp-content\/uploads\/2020\/12\/218776367.jpg\" alt=\"\" class=\"wp-image-52\" srcset=\"https:\/\/ferienwohnung-goeppingen.de\/wp-content\/uploads\/2020\/12\/218776367.jpg 576w, https:\/\/ferienwohnung-goeppingen.de\/wp-content\/uploads\/2020\/12\/218776367-225x300.jpg 225w\" sizes=\"(max-width: 576px) 100vw, 576px\" \/><\/figure><\/div>\n\n\n\n<div class=\"wp-block-image\"><figure class=\"aligncenter size-large\"><img loading=\"lazy\" width=\"576\" height=\"768\" src=\"http:\/\/ferienwohnung-goeppingen.de\/wp-content\/uploads\/2020\/12\/218776370.jpg\" alt=\"\" class=\"wp-image-53\" srcset=\"https:\/\/ferienwohnung-goeppingen.de\/wp-content\/uploads\/2020\/12\/218776370.jpg 576w, https:\/\/ferienwohnung-goeppingen.de\/wp-content\/uploads\/2020\/12\/218776370-225x300.jpg 225w\" sizes=\"(max-width: 576px) 100vw, 576px\" \/><\/figure><\/div>\n\n\n\n<div class=\"wp-block-image\"><figure class=\"aligncenter size-large\"><img loading=\"lazy\" width=\"576\" height=\"768\" src=\"http:\/\/ferienwohnung-goeppingen.de\/wp-content\/uploads\/2020\/12\/218776371.jpg\" alt=\"\" class=\"wp-image-54\" srcset=\"https:\/\/ferienwohnung-goeppingen.de\/wp-content\/uploads\/2020\/12\/218776371.jpg 576w, https:\/\/ferienwohnung-goeppingen.de\/wp-content\/uploads\/2020\/12\/218776371-225x300.jpg 225w\" sizes=\"(max-width: 576px) 100vw, 576px\" \/><\/figure><\/div>\n\n\n\n<div class=\"wp-block-image\"><figure class=\"aligncenter size-large\"><img loading=\"lazy\" width=\"576\" height=\"768\" src=\"http:\/\/ferienwohnung-goeppingen.de\/wp-content\/uploads\/2020\/12\/218776375.jpg\" alt=\"\" class=\"wp-image-55\" srcset=\"https:\/\/ferienwohnung-goeppingen.de\/wp-content\/uploads\/2020\/12\/218776375.jpg 576w, https:\/\/ferienwohnung-goeppingen.de\/wp-content\/uploads\/2020\/12\/218776375-225x300.jpg 225w\" sizes=\"(max-width: 576px) 100vw, 576px\" \/><\/figure><\/div>\n\n\n\n<div class=\"wp-block-image\"><figure class=\"aligncenter size-large\"><img loading=\"lazy\" width=\"576\" height=\"768\" src=\"http:\/\/ferienwohnung-goeppingen.de\/wp-content\/uploads\/2020\/12\/218776380.jpg\" alt=\"\" class=\"wp-image-56\" srcset=\"https:\/\/ferienwohnung-goeppingen.de\/wp-content\/uploads\/2020\/12\/218776380.jpg 576w, https:\/\/ferienwohnung-goeppingen.de\/wp-content\/uploads\/2020\/12\/218776380-225x300.jpg 225w\" sizes=\"(max-width: 576px) 100vw, 576px\" \/><\/figure><\/div>\n\n\n\n<div class=\"wp-block-image\"><figure class=\"aligncenter size-large\"><img loading=\"lazy\" width=\"576\" height=\"768\" src=\"http:\/\/ferienwohnung-goeppingen.de\/wp-content\/uploads\/2020\/12\/218776384.jpg\" alt=\"\" class=\"wp-image-57\" srcset=\"https:\/\/ferienwohnung-goeppingen.de\/wp-content\/uploads\/2020\/12\/218776384.jpg 576w, https:\/\/ferienwohnung-goeppingen.de\/wp-content\/uploads\/2020\/12\/218776384-225x300.jpg 225w\" sizes=\"(max-width: 576px) 100vw, 576px\" \/><\/figure><\/div>","protected":false},"excerpt":{"rendered":"<p>Ferienwohnung Hohenstaufen is a beautiful apartment in G\u00f6ppingen Hohenstaufen. Equipment 2 bedrooms 4 single beds bathroom with shower and toilet an additional guest toilet kitchen Both rooms have sofa and armchair 2 TV Internet WLAN prices on request. +49 (0) 172 7160 545 or patriciamack@web.de<\/p>","protected":false},"author":1,"featured_media":0,"parent":0,"menu_order":0,"comment_status":"closed","ping_status":"closed","template":"","meta":[],"yoast_head":"<!-- This site is optimized with the Yoast SEO plugin v18.4.1 - https:\/\/yoast.com\/wordpress\/plugins\/seo\/ -->\n<title>Hohenstaufen - ferienwohnung-goeppingen.de<\/title>\n<meta name=\"description\" content=\"Ferienwohnung Hohenstaufen bei G\u00f6ppingen mit einer sehr sch\u00f6ner Aussicht \u00fcber das Filsthal\" \/>\n<meta name=\"robots\" content=\"index, follow, max-snippet:-1, max-image-preview:large, max-video-preview:-1\" \/>\n<link rel=\"canonical\" href=\"https:\/\/ferienwohnung-goeppingen.de\/en\/hohenstaufen\/\" \/>\n<meta property=\"og:locale\" content=\"en_US\" \/>\n<meta property=\"og:type\" content=\"article\" \/>\n<meta property=\"og:title\" content=\"Hohenstaufen - ferienwohnung-goeppingen.de\" \/>\n<meta property=\"og:description\" content=\"Ferienwohnung Hohenstaufen bei G\u00f6ppingen mit einer sehr sch\u00f6ner Aussicht \u00fcber das Filsthal\" \/>\n<meta property=\"og:url\" content=\"https:\/\/ferienwohnung-goeppingen.de\/en\/hohenstaufen\/\" \/>\n<meta property=\"og:site_name\" content=\"ferienwohnung-goeppingen.de\" \/>\n<meta property=\"article:modified_time\" content=\"2021-01-01T08:43:33+00:00\" \/>\n<meta property=\"og:image\" content=\"http:\/\/ferienwohnung-goeppingen.de\/wp-content\/uploads\/2020\/12\/218776320.jpg\" \/>\n<meta name=\"twitter:card\" content=\"summary_large_image\" \/>\n<script type=\"application\/ld+json\" class=\"yoast-schema-graph\">{\"@context\":\"https:\/\/schema.org\",\"@graph\":[{\"@type\":\"Organization\",\"@id\":\"https:\/\/ferienwohnung-goeppingen.de\/en\/#organization\",\"name\":\"ferienwohnung g\u00f6ppingen\",\"url\":\"https:\/\/ferienwohnung-goeppingen.de\/en\/\",\"sameAs\":[],\"logo\":{\"@type\":\"ImageObject\",\"@id\":\"https:\/\/ferienwohnung-goeppingen.de\/en\/#logo\",\"inLanguage\":\"en-US\",\"url\":\"https:\/\/ferienwohnung-goeppingen.de\/wp-content\/uploads\/2020\/12\/cropped-Logo.jpg\",\"contentUrl\":\"https:\/\/ferienwohnung-goeppingen.de\/wp-content\/uploads\/2020\/12\/cropped-Logo.jpg\",\"width\":512,\"height\":512,\"caption\":\"ferienwohnung g\u00f6ppingen\"},\"image\":{\"@id\":\"https:\/\/ferienwohnung-goeppingen.de\/en\/#logo\"}},{\"@type\":\"WebSite\",\"@id\":\"https:\/\/ferienwohnung-goeppingen.de\/en\/#website\",\"url\":\"https:\/\/ferienwohnung-goeppingen.de\/en\/\",\"name\":\"ferienwohnung-goeppingen.de\",\"description\":\"Willkommen Zuhause   +49 (0) 172 7160 545  patriciamack@web.de\",\"publisher\":{\"@id\":\"https:\/\/ferienwohnung-goeppingen.de\/en\/#organization\"},\"potentialAction\":[{\"@type\":\"SearchAction\",\"target\":{\"@type\":\"EntryPoint\",\"urlTemplate\":\"https:\/\/ferienwohnung-goeppingen.de\/en\/?s={search_term_string}\"},\"query-input\":\"required name=search_term_string\"}],\"inLanguage\":\"en-US\"},{\"@type\":\"ImageObject\",\"@id\":\"https:\/\/ferienwohnung-goeppingen.de\/de\/hohenstaufen\/#primaryimage\",\"inLanguage\":\"en-US\",\"url\":\"https:\/\/ferienwohnung-goeppingen.de\/wp-content\/uploads\/2020\/12\/218776320.jpg\",\"contentUrl\":\"https:\/\/ferienwohnung-goeppingen.de\/wp-content\/uploads\/2020\/12\/218776320.jpg\",\"width\":576,\"height\":768},{\"@type\":\"WebPage\",\"@id\":\"https:\/\/ferienwohnung-goeppingen.de\/de\/hohenstaufen\/#webpage\",\"url\":\"https:\/\/ferienwohnung-goeppingen.de\/de\/hohenstaufen\/\",\"name\":\"Hohenstaufen - ferienwohnung-goeppingen.de\",\"isPartOf\":{\"@id\":\"https:\/\/ferienwohnung-goeppingen.de\/en\/#website\"},\"primaryImageOfPage\":{\"@id\":\"https:\/\/ferienwohnung-goeppingen.de\/de\/hohenstaufen\/#primaryimage\"},\"datePublished\":\"2020-12-18T08:59:18+00:00\",\"dateModified\":\"2021-01-01T08:43:33+00:00\",\"description\":\"Ferienwohnung Hohenstaufen bei G\u00f6ppingen mit einer sehr sch\u00f6ner Aussicht \u00fcber das Filsthal\",\"breadcrumb\":{\"@id\":\"https:\/\/ferienwohnung-goeppingen.de\/de\/hohenstaufen\/#breadcrumb\"},\"inLanguage\":\"en-US\",\"potentialAction\":[{\"@type\":\"ReadAction\",\"target\":[\"https:\/\/ferienwohnung-goeppingen.de\/de\/hohenstaufen\/\"]}]},{\"@type\":\"BreadcrumbList\",\"@id\":\"https:\/\/ferienwohnung-goeppingen.de\/de\/hohenstaufen\/#breadcrumb\",\"itemListElement\":[{\"@type\":\"ListItem\",\"position\":1,\"name\":\"Startseite\",\"item\":\"http:\/\/ferienwohnung-goeppingen.de\/\"},{\"@type\":\"ListItem\",\"position\":2,\"name\":\"Hohenstaufen\"}]}]}<\/script>\n<!-- \/ Yoast SEO plugin. -->","yoast_head_json":{"title":"Hohenstaufen - ferienwohnung-goeppingen.de","description":"Ferienwohnung Hohenstaufen bei G\u00f6ppingen mit einer sehr sch\u00f6ner Aussicht \u00fcber das Filsthal","robots":{"index":"index","follow":"follow","max-snippet":"max-snippet:-1","max-image-preview":"max-image-preview:large","max-video-preview":"max-video-preview:-1"},"canonical":"https:\/\/ferienwohnung-goeppingen.de\/en\/hohenstaufen\/","og_locale":"en_US","og_type":"article","og_title":"Hohenstaufen - ferienwohnung-goeppingen.de","og_description":"Ferienwohnung Hohenstaufen bei G\u00f6ppingen mit einer sehr sch\u00f6ner Aussicht \u00fcber das Filsthal","og_url":"https:\/\/ferienwohnung-goeppingen.de\/en\/hohenstaufen\/","og_site_name":"ferienwohnung-goeppingen.de","article_modified_time":"2021-01-01T08:43:33+00:00","og_image":[{"url":"http:\/\/ferienwohnung-goeppingen.de\/wp-content\/uploads\/2020\/12\/218776320.jpg"}],"twitter_card":"summary_large_image","schema":{"@context":"https:\/\/schema.org","@graph":[{"@type":"Organization","@id":"https:\/\/ferienwohnung-goeppingen.de\/en\/#organization","name":"ferienwohnung g\u00f6ppingen","url":"https:\/\/ferienwohnung-goeppingen.de\/en\/","sameAs":[],"logo":{"@type":"ImageObject","@id":"https:\/\/ferienwohnung-goeppingen.de\/en\/#logo","inLanguage":"en-US","url":"https:\/\/ferienwohnung-goeppingen.de\/wp-content\/uploads\/2020\/12\/cropped-Logo.jpg","contentUrl":"https:\/\/ferienwohnung-goeppingen.de\/wp-content\/uploads\/2020\/12\/cropped-Logo.jpg","width":512,"height":512,"caption":"ferienwohnung g\u00f6ppingen"},"image":{"@id":"https:\/\/ferienwohnung-goeppingen.de\/en\/#logo"}},{"@type":"WebSite","@id":"https:\/\/ferienwohnung-goeppingen.de\/en\/#website","url":"https:\/\/ferienwohnung-goeppingen.de\/en\/","name":"ferienwohnung-goeppingen.de","description":"Welcome home +49 (0) 172 7160 545 patriciamack@web.de","publisher":{"@id":"https:\/\/ferienwohnung-goeppingen.de\/en\/#organization"},"potentialAction":[{"@type":"SearchAction","target":{"@type":"EntryPoint","urlTemplate":"https:\/\/ferienwohnung-goeppingen.de\/en\/?s={search_term_string}"},"query-input":"required name=search_term_string"}],"inLanguage":"en-US"},{"@type":"ImageObject","@id":"https:\/\/ferienwohnung-goeppingen.de\/de\/hohenstaufen\/#primaryimage","inLanguage":"en-US","url":"https:\/\/ferienwohnung-goeppingen.de\/wp-content\/uploads\/2020\/12\/218776320.jpg","contentUrl":"https:\/\/ferienwohnung-goeppingen.de\/wp-content\/uploads\/2020\/12\/218776320.jpg","width":576,"height":768},{"@type":"WebPage","@id":"https:\/\/ferienwohnung-goeppingen.de\/de\/hohenstaufen\/#webpage","url":"https:\/\/ferienwohnung-goeppingen.de\/de\/hohenstaufen\/","name":"Hohenstaufen - ferienwohnung-goeppingen.de","isPartOf":{"@id":"https:\/\/ferienwohnung-goeppingen.de\/en\/#website"},"primaryImageOfPage":{"@id":"https:\/\/ferienwohnung-goeppingen.de\/de\/hohenstaufen\/#primaryimage"},"datePublished":"2020-12-18T08:59:18+00:00","dateModified":"2021-01-01T08:43:33+00:00","description":"Ferienwohnung Hohenstaufen bei G\u00f6ppingen mit einer sehr sch\u00f6ner Aussicht \u00fcber das Filsthal","breadcrumb":{"@id":"https:\/\/ferienwohnung-goeppingen.de\/de\/hohenstaufen\/#breadcrumb"},"inLanguage":"en-US","potentialAction":[{"@type":"ReadAction","target":["https:\/\/ferienwohnung-goeppingen.de\/de\/hohenstaufen\/"]}]},{"@type":"BreadcrumbList","@id":"https:\/\/ferienwohnung-goeppingen.de\/de\/hohenstaufen\/#breadcrumb","itemListElement":[{"@type":"ListItem","position":1,"name":"Startseite","item":"http:\/\/ferienwohnung-goeppingen.de\/"},{"@type":"ListItem","position":2,"name":"Hohenstaufen"}]}]}},"_links":{"self":[{"href":"https:\/\/ferienwohnung-goeppingen.de\/en\/wp-json\/wp\/v2\/pages\/25"}],"collection":[{"href":"https:\/\/ferienwohnung-goeppingen.de\/en\/wp-json\/wp\/v2\/pages"}],"about":[{"href":"https:\/\/ferienwohnung-goeppingen.de\/en\/wp-json\/wp\/v2\/types\/page"}],"author":[{"embeddable":true,"href":"https:\/\/ferienwohnung-goeppingen.de\/en\/wp-json\/wp\/v2\/users\/1"}],"replies":[{"embeddable":true,"href":"https:\/\/ferienwohnung-goeppingen.de\/en\/wp-json\/wp\/v2\/comments?post=25"}],"version-history":[{"count":15,"href":"https:\/\/ferienwohnung-goeppingen.de\/en\/wp-json\/wp\/v2\/pages\/25\/revisions"}],"predecessor-version":[{"id":176,"href":"https:\/\/ferienwohnung-goeppingen.de\/en\/wp-json\/wp\/v2\/pages\/25\/revisions\/176"}],"wp:attachment":[{"href":"https:\/\/ferienwohnung-goeppingen.de\/en\/wp-json\/wp\/v2\/media?parent=25"}],"curies":[{"name":"wp","href":"https:\/\/api.w.org\/{rel}","templated":true}]}}