{"id":21,"date":"2020-12-18T08:58:24","date_gmt":"2020-12-18T08:58:24","guid":{"rendered":"http:\/\/ferienwohnung-goeppingen.de\/?page_id=21"},"modified":"2021-01-01T09:57:18","modified_gmt":"2021-01-01T08:57:18","slug":"lamm","status":"publish","type":"page","link":"https:\/\/ferienwohnung-goeppingen.de\/de\/lamm\/","title":{"rendered":"Lamm"},"content":{"rendered":"\n<p>Ferienwohnung <strong>Lamm<\/strong> ist eine Ferienwohnung mit Bergblick in G\u00f6ppingen Hohenstaufen. <\/p>\n\n\n\n<h3>Ausstatung<\/h3>\n\n\n\n<ul class=\"mylist\"><li>Internet Wlan<\/li><li>TV<\/li><li>2 Schlafzimmer<\/li><li>Wohnzimmer mit Schlafcouch<\/li><li>K\u00fcche mit Mikrowelle<\/li><li>Badezimmer mit WC<\/li><li>Separates G\u00e4ste WC<\/li><\/ul>\n\n\n\n<p><strong>Preise auf Anfrage.<\/strong><\/p>\n\n\n\n<p><strong> +49 (0) 172 7160 545<\/strong> oder <strong>patriciamack@web.de<\/strong><\/p>\n\n\n\n<div style=\"height:100px\" aria-hidden=\"true\" class=\"wp-block-spacer\"><\/div>\n\n\n\n<p>Kaiserbergsteige 2, 73037 G\u00f6ppingen<\/p>\n\n\n<div class=\"vsg-map\"><iframe align=\"center\" width=\"100%\" height=\"380\" frameborder=\"0\" scrolling=\"no\" marginheight=\"0\" marginwidth=\"0\" src=\"https:\/\/maps.google.com\/maps?&q=Kaiserbergsteige%202%2C%2073037%20G%C3%B6ppingen&amp;cid=&amp;t=m&amp;center=Kaiserbergsteige%202%2C%2073037%20G%C3%B6ppingen&output=embed&z=14&iwloc=A&visual_refresh=true\"><\/iframe><\/div>\n\n\n\n<p><\/p>\n\n\n\n<figure class=\"wp-block-image size-large\"><img loading=\"lazy\" width=\"1024\" height=\"767\" src=\"http:\/\/ferienwohnung-goeppingen.de\/wp-content\/uploads\/2020\/12\/30472106.jpg\" alt=\"\" class=\"wp-image-60\" srcset=\"https:\/\/ferienwohnung-goeppingen.de\/wp-content\/uploads\/2020\/12\/30472106.jpg 1024w, https:\/\/ferienwohnung-goeppingen.de\/wp-content\/uploads\/2020\/12\/30472106-300x225.jpg 300w, https:\/\/ferienwohnung-goeppingen.de\/wp-content\/uploads\/2020\/12\/30472106-768x575.jpg 768w\" sizes=\"(max-width: 1024px) 100vw, 1024px\" \/><\/figure>\n\n\n\n<figure class=\"wp-block-image size-large\"><img loading=\"lazy\" width=\"1024\" height=\"767\" src=\"http:\/\/ferienwohnung-goeppingen.de\/wp-content\/uploads\/2020\/12\/30472105-1.jpg\" alt=\"\" class=\"wp-image-85\" srcset=\"https:\/\/ferienwohnung-goeppingen.de\/wp-content\/uploads\/2020\/12\/30472105-1.jpg 1024w, https:\/\/ferienwohnung-goeppingen.de\/wp-content\/uploads\/2020\/12\/30472105-1-300x225.jpg 300w, https:\/\/ferienwohnung-goeppingen.de\/wp-content\/uploads\/2020\/12\/30472105-1-768x575.jpg 768w\" sizes=\"(max-width: 1024px) 100vw, 1024px\" \/><\/figure>\n\n\n\n<figure class=\"wp-block-image size-large\"><img loading=\"lazy\" width=\"1024\" height=\"767\" src=\"http:\/\/ferienwohnung-goeppingen.de\/wp-content\/uploads\/2020\/12\/30472108-1.jpg\" alt=\"\" class=\"wp-image-86\" srcset=\"https:\/\/ferienwohnung-goeppingen.de\/wp-content\/uploads\/2020\/12\/30472108-1.jpg 1024w, https:\/\/ferienwohnung-goeppingen.de\/wp-content\/uploads\/2020\/12\/30472108-1-300x225.jpg 300w, https:\/\/ferienwohnung-goeppingen.de\/wp-content\/uploads\/2020\/12\/30472108-1-768x575.jpg 768w\" sizes=\"(max-width: 1024px) 100vw, 1024px\" \/><\/figure>\n\n\n\n<figure class=\"wp-block-image size-large\"><img loading=\"lazy\" width=\"1024\" height=\"767\" src=\"http:\/\/ferienwohnung-goeppingen.de\/wp-content\/uploads\/2020\/12\/30472110-1.jpg\" alt=\"\" class=\"wp-image-87\" srcset=\"https:\/\/ferienwohnung-goeppingen.de\/wp-content\/uploads\/2020\/12\/30472110-1.jpg 1024w, https:\/\/ferienwohnung-goeppingen.de\/wp-content\/uploads\/2020\/12\/30472110-1-300x225.jpg 300w, https:\/\/ferienwohnung-goeppingen.de\/wp-content\/uploads\/2020\/12\/30472110-1-768x575.jpg 768w\" sizes=\"(max-width: 1024px) 100vw, 1024px\" \/><\/figure>\n\n\n\n<figure class=\"wp-block-image size-large\"><img loading=\"lazy\" width=\"1024\" height=\"767\" src=\"http:\/\/ferienwohnung-goeppingen.de\/wp-content\/uploads\/2020\/12\/30517123-1.jpg\" alt=\"\" class=\"wp-image-88\" srcset=\"https:\/\/ferienwohnung-goeppingen.de\/wp-content\/uploads\/2020\/12\/30517123-1.jpg 1024w, https:\/\/ferienwohnung-goeppingen.de\/wp-content\/uploads\/2020\/12\/30517123-1-300x225.jpg 300w, https:\/\/ferienwohnung-goeppingen.de\/wp-content\/uploads\/2020\/12\/30517123-1-768x575.jpg 768w\" sizes=\"(max-width: 1024px) 100vw, 1024px\" \/><\/figure>\n\n\n\n<figure class=\"wp-block-image size-large\"><img loading=\"lazy\" width=\"1024\" height=\"767\" src=\"http:\/\/ferienwohnung-goeppingen.de\/wp-content\/uploads\/2020\/12\/30517140-1.jpg\" alt=\"\" class=\"wp-image-89\" srcset=\"https:\/\/ferienwohnung-goeppingen.de\/wp-content\/uploads\/2020\/12\/30517140-1.jpg 1024w, https:\/\/ferienwohnung-goeppingen.de\/wp-content\/uploads\/2020\/12\/30517140-1-300x225.jpg 300w, https:\/\/ferienwohnung-goeppingen.de\/wp-content\/uploads\/2020\/12\/30517140-1-768x575.jpg 768w\" sizes=\"(max-width: 1024px) 100vw, 1024px\" \/><\/figure>\n\n\n\n<figure class=\"wp-block-image size-large\"><img loading=\"lazy\" width=\"1024\" height=\"767\" src=\"http:\/\/ferienwohnung-goeppingen.de\/wp-content\/uploads\/2020\/12\/30517164-1.jpg\" alt=\"\" class=\"wp-image-90\" srcset=\"https:\/\/ferienwohnung-goeppingen.de\/wp-content\/uploads\/2020\/12\/30517164-1.jpg 1024w, https:\/\/ferienwohnung-goeppingen.de\/wp-content\/uploads\/2020\/12\/30517164-1-300x225.jpg 300w, https:\/\/ferienwohnung-goeppingen.de\/wp-content\/uploads\/2020\/12\/30517164-1-768x575.jpg 768w\" sizes=\"(max-width: 1024px) 100vw, 1024px\" \/><\/figure>\n\n\n\n<figure class=\"wp-block-image size-large\"><img loading=\"lazy\" width=\"1024\" height=\"767\" src=\"http:\/\/ferienwohnung-goeppingen.de\/wp-content\/uploads\/2020\/12\/30517172-1.jpg\" alt=\"\" class=\"wp-image-91\" srcset=\"https:\/\/ferienwohnung-goeppingen.de\/wp-content\/uploads\/2020\/12\/30517172-1.jpg 1024w, https:\/\/ferienwohnung-goeppingen.de\/wp-content\/uploads\/2020\/12\/30517172-1-300x225.jpg 300w, https:\/\/ferienwohnung-goeppingen.de\/wp-content\/uploads\/2020\/12\/30517172-1-768x575.jpg 768w\" sizes=\"(max-width: 1024px) 100vw, 1024px\" \/><\/figure>\n\n\n\n<figure class=\"wp-block-image size-large\"><img loading=\"lazy\" width=\"1024\" height=\"767\" src=\"http:\/\/ferienwohnung-goeppingen.de\/wp-content\/uploads\/2020\/12\/30517195-1.jpg\" alt=\"\" class=\"wp-image-92\" srcset=\"https:\/\/ferienwohnung-goeppingen.de\/wp-content\/uploads\/2020\/12\/30517195-1.jpg 1024w, https:\/\/ferienwohnung-goeppingen.de\/wp-content\/uploads\/2020\/12\/30517195-1-300x225.jpg 300w, https:\/\/ferienwohnung-goeppingen.de\/wp-content\/uploads\/2020\/12\/30517195-1-768x575.jpg 768w\" sizes=\"(max-width: 1024px) 100vw, 1024px\" \/><\/figure>\n\n\n\n<figure class=\"wp-block-image size-large\"><img loading=\"lazy\" width=\"1024\" height=\"767\" src=\"http:\/\/ferienwohnung-goeppingen.de\/wp-content\/uploads\/2020\/12\/30517198-1.jpg\" alt=\"\" class=\"wp-image-93\" srcset=\"https:\/\/ferienwohnung-goeppingen.de\/wp-content\/uploads\/2020\/12\/30517198-1.jpg 1024w, https:\/\/ferienwohnung-goeppingen.de\/wp-content\/uploads\/2020\/12\/30517198-1-300x225.jpg 300w, https:\/\/ferienwohnung-goeppingen.de\/wp-content\/uploads\/2020\/12\/30517198-1-768x575.jpg 768w\" sizes=\"(max-width: 1024px) 100vw, 1024px\" \/><\/figure>\n\n\n\n<figure class=\"wp-block-image size-large\"><img loading=\"lazy\" width=\"1024\" height=\"767\" src=\"http:\/\/ferienwohnung-goeppingen.de\/wp-content\/uploads\/2020\/12\/30517206-1.jpg\" alt=\"\" class=\"wp-image-94\" srcset=\"https:\/\/ferienwohnung-goeppingen.de\/wp-content\/uploads\/2020\/12\/30517206-1.jpg 1024w, https:\/\/ferienwohnung-goeppingen.de\/wp-content\/uploads\/2020\/12\/30517206-1-300x225.jpg 300w, https:\/\/ferienwohnung-goeppingen.de\/wp-content\/uploads\/2020\/12\/30517206-1-768x575.jpg 768w\" sizes=\"(max-width: 1024px) 100vw, 1024px\" \/><\/figure>\n\n\n\n<figure class=\"wp-block-image size-large\"><img loading=\"lazy\" width=\"1024\" height=\"767\" src=\"http:\/\/ferienwohnung-goeppingen.de\/wp-content\/uploads\/2020\/12\/30517217-1.jpg\" alt=\"\" class=\"wp-image-95\" srcset=\"https:\/\/ferienwohnung-goeppingen.de\/wp-content\/uploads\/2020\/12\/30517217-1.jpg 1024w, https:\/\/ferienwohnung-goeppingen.de\/wp-content\/uploads\/2020\/12\/30517217-1-300x225.jpg 300w, https:\/\/ferienwohnung-goeppingen.de\/wp-content\/uploads\/2020\/12\/30517217-1-768x575.jpg 768w\" sizes=\"(max-width: 1024px) 100vw, 1024px\" \/><\/figure>\n\n\n\n<figure class=\"wp-block-image size-large\"><img loading=\"lazy\" width=\"1024\" height=\"767\" src=\"http:\/\/ferienwohnung-goeppingen.de\/wp-content\/uploads\/2020\/12\/30517224-1.jpg\" alt=\"\" class=\"wp-image-96\" srcset=\"https:\/\/ferienwohnung-goeppingen.de\/wp-content\/uploads\/2020\/12\/30517224-1.jpg 1024w, https:\/\/ferienwohnung-goeppingen.de\/wp-content\/uploads\/2020\/12\/30517224-1-300x225.jpg 300w, https:\/\/ferienwohnung-goeppingen.de\/wp-content\/uploads\/2020\/12\/30517224-1-768x575.jpg 768w\" sizes=\"(max-width: 1024px) 100vw, 1024px\" \/><\/figure>\n\n\n\n<figure class=\"wp-block-image size-large\"><img loading=\"lazy\" width=\"1024\" height=\"767\" src=\"http:\/\/ferienwohnung-goeppingen.de\/wp-content\/uploads\/2020\/12\/30517296-1.jpg\" alt=\"\" class=\"wp-image-97\" srcset=\"https:\/\/ferienwohnung-goeppingen.de\/wp-content\/uploads\/2020\/12\/30517296-1.jpg 1024w, https:\/\/ferienwohnung-goeppingen.de\/wp-content\/uploads\/2020\/12\/30517296-1-300x225.jpg 300w, https:\/\/ferienwohnung-goeppingen.de\/wp-content\/uploads\/2020\/12\/30517296-1-768x575.jpg 768w\" sizes=\"(max-width: 1024px) 100vw, 1024px\" \/><\/figure>\n\n\n\n<figure class=\"wp-block-image size-large\"><img loading=\"lazy\" width=\"1024\" height=\"767\" src=\"http:\/\/ferienwohnung-goeppingen.de\/wp-content\/uploads\/2020\/12\/30517331-1.jpg\" alt=\"\" class=\"wp-image-98\" srcset=\"https:\/\/ferienwohnung-goeppingen.de\/wp-content\/uploads\/2020\/12\/30517331-1.jpg 1024w, https:\/\/ferienwohnung-goeppingen.de\/wp-content\/uploads\/2020\/12\/30517331-1-300x225.jpg 300w, https:\/\/ferienwohnung-goeppingen.de\/wp-content\/uploads\/2020\/12\/30517331-1-768x575.jpg 768w\" sizes=\"(max-width: 1024px) 100vw, 1024px\" \/><\/figure>\n\n\n\n<figure class=\"wp-block-image size-large\"><img loading=\"lazy\" width=\"1024\" height=\"767\" src=\"http:\/\/ferienwohnung-goeppingen.de\/wp-content\/uploads\/2020\/12\/30517345-1.jpg\" alt=\"\" class=\"wp-image-99\" srcset=\"https:\/\/ferienwohnung-goeppingen.de\/wp-content\/uploads\/2020\/12\/30517345-1.jpg 1024w, https:\/\/ferienwohnung-goeppingen.de\/wp-content\/uploads\/2020\/12\/30517345-1-300x225.jpg 300w, https:\/\/ferienwohnung-goeppingen.de\/wp-content\/uploads\/2020\/12\/30517345-1-768x575.jpg 768w\" sizes=\"(max-width: 1024px) 100vw, 1024px\" \/><\/figure>\n\n\n\n<figure class=\"wp-block-image size-large\"><img loading=\"lazy\" width=\"1024\" height=\"767\" src=\"http:\/\/ferienwohnung-goeppingen.de\/wp-content\/uploads\/2020\/12\/30517649-1.jpg\" alt=\"\" class=\"wp-image-100\" srcset=\"https:\/\/ferienwohnung-goeppingen.de\/wp-content\/uploads\/2020\/12\/30517649-1.jpg 1024w, https:\/\/ferienwohnung-goeppingen.de\/wp-content\/uploads\/2020\/12\/30517649-1-300x225.jpg 300w, https:\/\/ferienwohnung-goeppingen.de\/wp-content\/uploads\/2020\/12\/30517649-1-768x575.jpg 768w\" sizes=\"(max-width: 1024px) 100vw, 1024px\" \/><\/figure>\n\n\n\n<figure class=\"wp-block-image size-large\"><img loading=\"lazy\" width=\"1024\" height=\"767\" src=\"http:\/\/ferienwohnung-goeppingen.de\/wp-content\/uploads\/2020\/12\/30517697-1.jpg\" alt=\"\" class=\"wp-image-101\" srcset=\"https:\/\/ferienwohnung-goeppingen.de\/wp-content\/uploads\/2020\/12\/30517697-1.jpg 1024w, https:\/\/ferienwohnung-goeppingen.de\/wp-content\/uploads\/2020\/12\/30517697-1-300x225.jpg 300w, https:\/\/ferienwohnung-goeppingen.de\/wp-content\/uploads\/2020\/12\/30517697-1-768x575.jpg 768w\" sizes=\"(max-width: 1024px) 100vw, 1024px\" \/><\/figure>\n\n\n\n<figure class=\"wp-block-image size-large\"><img loading=\"lazy\" width=\"1024\" height=\"767\" src=\"http:\/\/ferienwohnung-goeppingen.de\/wp-content\/uploads\/2020\/12\/30517707-1.jpg\" alt=\"\" class=\"wp-image-102\" srcset=\"https:\/\/ferienwohnung-goeppingen.de\/wp-content\/uploads\/2020\/12\/30517707-1.jpg 1024w, https:\/\/ferienwohnung-goeppingen.de\/wp-content\/uploads\/2020\/12\/30517707-1-300x225.jpg 300w, https:\/\/ferienwohnung-goeppingen.de\/wp-content\/uploads\/2020\/12\/30517707-1-768x575.jpg 768w\" sizes=\"(max-width: 1024px) 100vw, 1024px\" \/><\/figure>\n\n\n\n<figure class=\"wp-block-image size-large\"><img loading=\"lazy\" width=\"1024\" height=\"767\" src=\"http:\/\/ferienwohnung-goeppingen.de\/wp-content\/uploads\/2020\/12\/30517722-1.jpg\" alt=\"\" class=\"wp-image-103\" srcset=\"https:\/\/ferienwohnung-goeppingen.de\/wp-content\/uploads\/2020\/12\/30517722-1.jpg 1024w, https:\/\/ferienwohnung-goeppingen.de\/wp-content\/uploads\/2020\/12\/30517722-1-300x225.jpg 300w, https:\/\/ferienwohnung-goeppingen.de\/wp-content\/uploads\/2020\/12\/30517722-1-768x575.jpg 768w\" sizes=\"(max-width: 1024px) 100vw, 1024px\" \/><\/figure>\n\n\n\n<figure class=\"wp-block-image size-large\"><img loading=\"lazy\" width=\"1024\" height=\"767\" src=\"http:\/\/ferienwohnung-goeppingen.de\/wp-content\/uploads\/2020\/12\/30517733-1.jpg\" alt=\"\" class=\"wp-image-104\" srcset=\"https:\/\/ferienwohnung-goeppingen.de\/wp-content\/uploads\/2020\/12\/30517733-1.jpg 1024w, https:\/\/ferienwohnung-goeppingen.de\/wp-content\/uploads\/2020\/12\/30517733-1-300x225.jpg 300w, https:\/\/ferienwohnung-goeppingen.de\/wp-content\/uploads\/2020\/12\/30517733-1-768x575.jpg 768w\" sizes=\"(max-width: 1024px) 100vw, 1024px\" \/><\/figure>\n\n\n\n<figure class=\"wp-block-image size-large\"><img loading=\"lazy\" width=\"1024\" height=\"767\" src=\"http:\/\/ferienwohnung-goeppingen.de\/wp-content\/uploads\/2020\/12\/30517758-1.jpg\" alt=\"\" class=\"wp-image-105\" srcset=\"https:\/\/ferienwohnung-goeppingen.de\/wp-content\/uploads\/2020\/12\/30517758-1.jpg 1024w, https:\/\/ferienwohnung-goeppingen.de\/wp-content\/uploads\/2020\/12\/30517758-1-300x225.jpg 300w, https:\/\/ferienwohnung-goeppingen.de\/wp-content\/uploads\/2020\/12\/30517758-1-768x575.jpg 768w\" sizes=\"(max-width: 1024px) 100vw, 1024px\" \/><\/figure>\n\n\n\n<figure class=\"wp-block-image size-large\"><img loading=\"lazy\" width=\"1024\" height=\"767\" src=\"http:\/\/ferienwohnung-goeppingen.de\/wp-content\/uploads\/2020\/12\/30517779-1.jpg\" alt=\"\" class=\"wp-image-106\" srcset=\"https:\/\/ferienwohnung-goeppingen.de\/wp-content\/uploads\/2020\/12\/30517779-1.jpg 1024w, https:\/\/ferienwohnung-goeppingen.de\/wp-content\/uploads\/2020\/12\/30517779-1-300x225.jpg 300w, https:\/\/ferienwohnung-goeppingen.de\/wp-content\/uploads\/2020\/12\/30517779-1-768x575.jpg 768w\" sizes=\"(max-width: 1024px) 100vw, 1024px\" \/><\/figure>\n\n\n\n<figure class=\"wp-block-image size-large\"><img loading=\"lazy\" width=\"1024\" height=\"767\" src=\"http:\/\/ferienwohnung-goeppingen.de\/wp-content\/uploads\/2020\/12\/31046893-1.jpg\" alt=\"\" class=\"wp-image-107\" srcset=\"https:\/\/ferienwohnung-goeppingen.de\/wp-content\/uploads\/2020\/12\/31046893-1.jpg 1024w, https:\/\/ferienwohnung-goeppingen.de\/wp-content\/uploads\/2020\/12\/31046893-1-300x225.jpg 300w, https:\/\/ferienwohnung-goeppingen.de\/wp-content\/uploads\/2020\/12\/31046893-1-768x575.jpg 768w\" sizes=\"(max-width: 1024px) 100vw, 1024px\" \/><\/figure>\n","protected":false},"excerpt":{"rendered":"<p>Ferienwohnung Lamm ist eine Ferienwohnung mit Bergblick in G\u00f6ppingen Hohenstaufen. Ausstatung Internet Wlan TV 2 Schlafzimmer Wohnzimmer mit Schlafcouch K\u00fcche mit Mikrowelle Badezimmer mit WC Separates G\u00e4ste WC Preise auf Anfrage. +49 (0) 172 7160 545 oder patriciamack@web.de Kaiserbergsteige 2, 73037 G\u00f6ppingen<\/p>\n","protected":false},"author":1,"featured_media":0,"parent":0,"menu_order":0,"comment_status":"closed","ping_status":"closed","template":"","meta":[],"yoast_head":"<!-- This site is optimized with the Yoast SEO plugin v18.4.1 - https:\/\/yoast.com\/wordpress\/plugins\/seo\/ -->\n<title>Lamm - ferienwohnung-goeppingen.de<\/title>\n<meta name=\"description\" content=\"Ferienwohnung in Hohenstaufen G\u00f6ppingen\" \/>\n<meta name=\"robots\" content=\"index, follow, max-snippet:-1, max-image-preview:large, max-video-preview:-1\" \/>\n<link rel=\"canonical\" href=\"https:\/\/ferienwohnung-goeppingen.de\/de\/lamm\/\" \/>\n<meta property=\"og:locale\" content=\"de_DE\" \/>\n<meta property=\"og:type\" content=\"article\" \/>\n<meta property=\"og:title\" content=\"Lamm - ferienwohnung-goeppingen.de\" \/>\n<meta property=\"og:description\" content=\"Ferienwohnung in Hohenstaufen G\u00f6ppingen\" \/>\n<meta property=\"og:url\" content=\"https:\/\/ferienwohnung-goeppingen.de\/de\/lamm\/\" \/>\n<meta property=\"og:site_name\" content=\"ferienwohnung-goeppingen.de\" \/>\n<meta property=\"article:modified_time\" content=\"2021-01-01T08:57:18+00:00\" \/>\n<meta property=\"og:image\" content=\"http:\/\/ferienwohnung-goeppingen.de\/wp-content\/uploads\/2020\/12\/30472106.jpg\" \/>\n<meta name=\"twitter:card\" content=\"summary_large_image\" \/>\n<script type=\"application\/ld+json\" class=\"yoast-schema-graph\">{\"@context\":\"https:\/\/schema.org\",\"@graph\":[{\"@type\":\"Organization\",\"@id\":\"https:\/\/ferienwohnung-goeppingen.de\/en\/#organization\",\"name\":\"ferienwohnung g\u00f6ppingen\",\"url\":\"https:\/\/ferienwohnung-goeppingen.de\/en\/\",\"sameAs\":[],\"logo\":{\"@type\":\"ImageObject\",\"@id\":\"https:\/\/ferienwohnung-goeppingen.de\/en\/#logo\",\"inLanguage\":\"de\",\"url\":\"https:\/\/ferienwohnung-goeppingen.de\/wp-content\/uploads\/2020\/12\/cropped-Logo.jpg\",\"contentUrl\":\"https:\/\/ferienwohnung-goeppingen.de\/wp-content\/uploads\/2020\/12\/cropped-Logo.jpg\",\"width\":512,\"height\":512,\"caption\":\"ferienwohnung g\u00f6ppingen\"},\"image\":{\"@id\":\"https:\/\/ferienwohnung-goeppingen.de\/en\/#logo\"}},{\"@type\":\"WebSite\",\"@id\":\"https:\/\/ferienwohnung-goeppingen.de\/en\/#website\",\"url\":\"https:\/\/ferienwohnung-goeppingen.de\/en\/\",\"name\":\"ferienwohnung-goeppingen.de\",\"description\":\"Willkommen Zuhause   +49 (0) 172 7160 545  patriciamack@web.de\",\"publisher\":{\"@id\":\"https:\/\/ferienwohnung-goeppingen.de\/en\/#organization\"},\"potentialAction\":[{\"@type\":\"SearchAction\",\"target\":{\"@type\":\"EntryPoint\",\"urlTemplate\":\"https:\/\/ferienwohnung-goeppingen.de\/en\/?s={search_term_string}\"},\"query-input\":\"required name=search_term_string\"}],\"inLanguage\":\"de\"},{\"@type\":\"ImageObject\",\"@id\":\"https:\/\/ferienwohnung-goeppingen.de\/de\/lamm\/#primaryimage\",\"inLanguage\":\"de\",\"url\":\"https:\/\/ferienwohnung-goeppingen.de\/wp-content\/uploads\/2020\/12\/30472106.jpg\",\"contentUrl\":\"https:\/\/ferienwohnung-goeppingen.de\/wp-content\/uploads\/2020\/12\/30472106.jpg\",\"width\":1024,\"height\":767},{\"@type\":\"WebPage\",\"@id\":\"https:\/\/ferienwohnung-goeppingen.de\/de\/lamm\/#webpage\",\"url\":\"https:\/\/ferienwohnung-goeppingen.de\/de\/lamm\/\",\"name\":\"Lamm - ferienwohnung-goeppingen.de\",\"isPartOf\":{\"@id\":\"https:\/\/ferienwohnung-goeppingen.de\/en\/#website\"},\"primaryImageOfPage\":{\"@id\":\"https:\/\/ferienwohnung-goeppingen.de\/de\/lamm\/#primaryimage\"},\"datePublished\":\"2020-12-18T08:58:24+00:00\",\"dateModified\":\"2021-01-01T08:57:18+00:00\",\"description\":\"Ferienwohnung in Hohenstaufen G\u00f6ppingen\",\"breadcrumb\":{\"@id\":\"https:\/\/ferienwohnung-goeppingen.de\/de\/lamm\/#breadcrumb\"},\"inLanguage\":\"de\",\"potentialAction\":[{\"@type\":\"ReadAction\",\"target\":[\"https:\/\/ferienwohnung-goeppingen.de\/de\/lamm\/\"]}]},{\"@type\":\"BreadcrumbList\",\"@id\":\"https:\/\/ferienwohnung-goeppingen.de\/de\/lamm\/#breadcrumb\",\"itemListElement\":[{\"@type\":\"ListItem\",\"position\":1,\"name\":\"Startseite\",\"item\":\"http:\/\/ferienwohnung-goeppingen.de\/\"},{\"@type\":\"ListItem\",\"position\":2,\"name\":\"Lamm\"}]}]}<\/script>\n<!-- \/ Yoast SEO plugin. -->","yoast_head_json":{"title":"Lamm - ferienwohnung-goeppingen.de","description":"Ferienwohnung in Hohenstaufen G\u00f6ppingen","robots":{"index":"index","follow":"follow","max-snippet":"max-snippet:-1","max-image-preview":"max-image-preview:large","max-video-preview":"max-video-preview:-1"},"canonical":"https:\/\/ferienwohnung-goeppingen.de\/de\/lamm\/","og_locale":"de_DE","og_type":"article","og_title":"Lamm - ferienwohnung-goeppingen.de","og_description":"Ferienwohnung in Hohenstaufen G\u00f6ppingen","og_url":"https:\/\/ferienwohnung-goeppingen.de\/de\/lamm\/","og_site_name":"ferienwohnung-goeppingen.de","article_modified_time":"2021-01-01T08:57:18+00:00","og_image":[{"url":"http:\/\/ferienwohnung-goeppingen.de\/wp-content\/uploads\/2020\/12\/30472106.jpg"}],"twitter_card":"summary_large_image","schema":{"@context":"https:\/\/schema.org","@graph":[{"@type":"Organization","@id":"https:\/\/ferienwohnung-goeppingen.de\/en\/#organization","name":"ferienwohnung g\u00f6ppingen","url":"https:\/\/ferienwohnung-goeppingen.de\/en\/","sameAs":[],"logo":{"@type":"ImageObject","@id":"https:\/\/ferienwohnung-goeppingen.de\/en\/#logo","inLanguage":"de","url":"https:\/\/ferienwohnung-goeppingen.de\/wp-content\/uploads\/2020\/12\/cropped-Logo.jpg","contentUrl":"https:\/\/ferienwohnung-goeppingen.de\/wp-content\/uploads\/2020\/12\/cropped-Logo.jpg","width":512,"height":512,"caption":"ferienwohnung g\u00f6ppingen"},"image":{"@id":"https:\/\/ferienwohnung-goeppingen.de\/en\/#logo"}},{"@type":"WebSite","@id":"https:\/\/ferienwohnung-goeppingen.de\/en\/#website","url":"https:\/\/ferienwohnung-goeppingen.de\/en\/","name":"ferienwohnung-goeppingen.de","description":"Willkommen Zuhause   +49 (0) 172 7160 545  patriciamack@web.de","publisher":{"@id":"https:\/\/ferienwohnung-goeppingen.de\/en\/#organization"},"potentialAction":[{"@type":"SearchAction","target":{"@type":"EntryPoint","urlTemplate":"https:\/\/ferienwohnung-goeppingen.de\/en\/?s={search_term_string}"},"query-input":"required name=search_term_string"}],"inLanguage":"de"},{"@type":"ImageObject","@id":"https:\/\/ferienwohnung-goeppingen.de\/de\/lamm\/#primaryimage","inLanguage":"de","url":"https:\/\/ferienwohnung-goeppingen.de\/wp-content\/uploads\/2020\/12\/30472106.jpg","contentUrl":"https:\/\/ferienwohnung-goeppingen.de\/wp-content\/uploads\/2020\/12\/30472106.jpg","width":1024,"height":767},{"@type":"WebPage","@id":"https:\/\/ferienwohnung-goeppingen.de\/de\/lamm\/#webpage","url":"https:\/\/ferienwohnung-goeppingen.de\/de\/lamm\/","name":"Lamm - ferienwohnung-goeppingen.de","isPartOf":{"@id":"https:\/\/ferienwohnung-goeppingen.de\/en\/#website"},"primaryImageOfPage":{"@id":"https:\/\/ferienwohnung-goeppingen.de\/de\/lamm\/#primaryimage"},"datePublished":"2020-12-18T08:58:24+00:00","dateModified":"2021-01-01T08:57:18+00:00","description":"Ferienwohnung in Hohenstaufen G\u00f6ppingen","breadcrumb":{"@id":"https:\/\/ferienwohnung-goeppingen.de\/de\/lamm\/#breadcrumb"},"inLanguage":"de","potentialAction":[{"@type":"ReadAction","target":["https:\/\/ferienwohnung-goeppingen.de\/de\/lamm\/"]}]},{"@type":"BreadcrumbList","@id":"https:\/\/ferienwohnung-goeppingen.de\/de\/lamm\/#breadcrumb","itemListElement":[{"@type":"ListItem","position":1,"name":"Startseite","item":"http:\/\/ferienwohnung-goeppingen.de\/"},{"@type":"ListItem","position":2,"name":"Lamm"}]}]}},"_links":{"self":[{"href":"https:\/\/ferienwohnung-goeppingen.de\/de\/wp-json\/wp\/v2\/pages\/21"}],"collection":[{"href":"https:\/\/ferienwohnung-goeppingen.de\/de\/wp-json\/wp\/v2\/pages"}],"about":[{"href":"https:\/\/ferienwohnung-goeppingen.de\/de\/wp-json\/wp\/v2\/types\/page"}],"author":[{"embeddable":true,"href":"https:\/\/ferienwohnung-goeppingen.de\/de\/wp-json\/wp\/v2\/users\/1"}],"replies":[{"embeddable":true,"href":"https:\/\/ferienwohnung-goeppingen.de\/de\/wp-json\/wp\/v2\/comments?post=21"}],"version-history":[{"count":11,"href":"https:\/\/ferienwohnung-goeppingen.de\/de\/wp-json\/wp\/v2\/pages\/21\/revisions"}],"predecessor-version":[{"id":196,"href":"https:\/\/ferienwohnung-goeppingen.de\/de\/wp-json\/wp\/v2\/pages\/21\/revisions\/196"}],"wp:attachment":[{"href":"https:\/\/ferienwohnung-goeppingen.de\/de\/wp-json\/wp\/v2\/media?parent=21"}],"curies":[{"name":"wp","href":"https:\/\/api.w.org\/{rel}","templated":true}]}}